{"id":422,"date":"2020-03-20T11:50:16","date_gmt":"2020-03-20T11:50:16","guid":{"rendered":"https:\/\/alloggio.qodeinteractive.com\/?page_id=422"},"modified":"2021-11-18T09:54:22","modified_gmt":"2021-11-18T09:54:22","slug":"right-sidebar","status":"publish","type":"page","link":"https:\/\/apartmani-rubinic.hr\/hr\/right-sidebar\/","title":{"rendered":"Right Sidebar"},"content":{"rendered":"<div data-elementor-type=\"wp-page\" data-elementor-id=\"422\" class=\"elementor elementor-422\">\n\t\t\t\t\t\t<section class=\"elementor-section elementor-top-section elementor-element elementor-element-28572c5 elementor-section-full_width elementor-section-height-default elementor-section-height-default qodef-elementor-content-no\" data-id=\"28572c5\" data-element_type=\"section\" data-e-type=\"section\">\n\t\t\t\t\t\t<div class=\"elementor-container elementor-column-gap-no\">\n\t\t\t\t\t<div class=\"elementor-column elementor-col-100 elementor-top-column elementor-element elementor-element-11357d8\" data-id=\"11357d8\" data-element_type=\"column\" data-e-type=\"column\">\n\t\t\t<div class=\"elementor-widget-wrap elementor-element-populated\">\n\t\t\t\t\t\t<div class=\"elementor-element elementor-element-939d475 elementor-widget elementor-widget-alloggio_core_blog_list\" data-id=\"939d475\" data-element_type=\"widget\" data-e-type=\"widget\" data-widget_type=\"alloggio_core_blog_list.default\">\n\t\t\t\t<div class=\"elementor-widget-container\">\n\t\t\t\t\t<div class=\"qodef-shortcode qodef-m  qodef-blog qodef--list qodef-item-layout--standard   qodef-grid qodef-layout--columns  qodef-gutter--normal qodef-col-num--1 qodef-item-layout--standard qodef-pagination--on qodef-pagination-type--standard qodef-responsive--predefined\" data-options=\"{&quot;plugin&quot;:&quot;alloggio_core&quot;,&quot;module&quot;:&quot;blog\\\/shortcodes&quot;,&quot;shortcode&quot;:&quot;blog-list&quot;,&quot;post_type&quot;:&quot;post&quot;,&quot;next_page&quot;:&quot;2&quot;,&quot;max_pages_num&quot;:1,&quot;behavior&quot;:&quot;columns&quot;,&quot;images_proportion&quot;:&quot;full&quot;,&quot;columns&quot;:&quot;1&quot;,&quot;columns_responsive&quot;:&quot;predefined&quot;,&quot;space&quot;:&quot;normal&quot;,&quot;posts_per_page&quot;:&quot;6&quot;,&quot;orderby&quot;:&quot;date&quot;,&quot;order&quot;:&quot;ASC&quot;,&quot;additional_params&quot;:&quot;tax&quot;,&quot;tax&quot;:&quot;category&quot;,&quot;layout&quot;:&quot;standard&quot;,&quot;title_tag&quot;:&quot;h3&quot;,&quot;enable_animation&quot;:&quot;no&quot;,&quot;enable_author_info&quot;:&quot;yes&quot;,&quot;enable_read_more&quot;:&quot;yes&quot;,&quot;excerpt_length&quot;:&quot;397&quot;,&quot;pagination_type&quot;:&quot;standard&quot;,&quot;object_class_name&quot;:&quot;AlloggioCoreBlogListShortcode&quot;,&quot;taxonomy_filter&quot;:&quot;category&quot;,&quot;additional_query_args&quot;:[],&quot;space_value&quot;:15}\">\n\t\t<div class=\"qodef-grid-inner clear\">\n\t\t<article class=\"qodef-e qodef-blog-item qodef-grid-item qodef-item--full post-1041 post type-post status-publish format-standard has-post-thumbnail hentry category-nagrade tag-accommodation tag-city tag-travel\">\n\t<div class=\"qodef-e-inner\">\n\t\t<div class=\"qodef-e-media\">\n\t\t<div class=\"qodef-e-media-image\">\n\t\t<a itemprop=\"url\" href=\"https:\/\/apartmani-rubinic.hr\/hr\/these-are-the-croatian-top-renters\/\">\n\t\t\t<img fetchpriority=\"high\" decoding=\"async\" width=\"717\" height=\"478\" src=\"https:\/\/apartmani-rubinic.hr\/wp-content\/uploads\/2020\/03\/6251882-717x478-1.webp\" class=\"attachment-full size-full wp-post-image\" alt=\"These are the Croatian top renters\" srcset=\"https:\/\/apartmani-rubinic.hr\/wp-content\/uploads\/2020\/03\/6251882-717x478-1.webp 717w, https:\/\/apartmani-rubinic.hr\/wp-content\/uploads\/2020\/03\/6251882-717x478-1-300x200.webp 300w, https:\/\/apartmani-rubinic.hr\/wp-content\/uploads\/2020\/03\/6251882-717x478-1-18x12.webp 18w\" sizes=\"(max-width: 717px) 100vw, 717px\" \/>\t\t<\/a>\n\t<\/div>\n<\/div>\t\t<div class=\"qodef-e-content\">\n\t\t\t<div class=\"qodef-e-info qodef-info--top\">\n\t\t\t\t<div itemprop=\"dateCreated\" class=\"qodef-e-info-item qodef-e-info-date entry-date\">\n\t<a itemprop=\"url\" href=\"https:\/\/apartmani-rubinic.hr\/hr\/2021\/11\/\">17 studenoga, 2021<\/a>\n\t<meta itemprop=\"interactionCount\" content=\"UserComments: 0\"\/>\n<\/div><div class=\"qodef-e-info-item qodef-e-info-author\">\n\t<a itemprop=\"author\" class=\"qodef-e-info-author-link\" href=\"https:\/\/apartmani-rubinic.hr\/hr\/author\/rubin\/\">\n\t\tadmin\t<\/a>\n<\/div>\t\t\t<\/div>\n\t\t\t<div class=\"qodef-e-text\">\n\t\t\t\t<h3 itemprop=\"name\" class=\"qodef-e-title entry-title\" >\n\t<a itemprop=\"url\" class=\"qodef-e-title-link\" href=\"https:\/\/apartmani-rubinic.hr\/hr\/these-are-the-croatian-top-renters\/\">\n\t\tOvo su hrvatski Najiznajmljiva\u010di\t<\/a>\n<\/h3>\t\t<p itemprop=\"description\" class=\"qodef-e-excerpt\">The best apartment is Rubini\u0107 Turanj owned by Tomislav Rubini\u0107 under the guidance of hostess Nata\u0161a Manzin, the best holiday home Casa mille olivi owned by Ana Pisak from Klari\u0107, the City of Buzet, the best villa Adrian, owner Naira Asatryan and Adrian Wiele from Dubrovnik.<\/p>\n\t\t\t\t<\/div>\n\t\t\t\t\t\t\t<div class=\"qodef-e-info qodef-info--bottom\">\n\t\t\t\t\t\t<div class=\"qodef-e-read-more\">\n\t\t<a class=\"qodef-shortcode qodef-m  qodef-button qodef-layout--textual  qodef-html--link\" href=\"https:\/\/apartmani-rubinic.hr\/hr\/these-are-the-croatian-top-renters\/\" target=\"_self\"  >\t<span class=\"qodef-m-text\">Read More<\/span>\t<span class=\"qodef-m-plus\"><\/span><\/a>\t<\/div>\n\t\t\t\t<\/div>\n\t\t\t\t\t<\/div>\n\t<\/div>\n<\/article><article class=\"qodef-e qodef-blog-item qodef-grid-item qodef-item--full post-237 post type-post status-publish format-standard has-post-thumbnail hentry category-nagrade tag-accommodation tag-city tag-travel\">\n\t<div class=\"qodef-e-inner\">\n\t\t<div class=\"qodef-e-media\">\n\t\t<div class=\"qodef-e-media-image\">\n\t\t<a itemprop=\"url\" href=\"https:\/\/apartmani-rubinic.hr\/hr\/delicious-sibenik-fritters\/\">\n\t\t\t<img decoding=\"async\" width=\"717\" height=\"478\" src=\"https:\/\/apartmani-rubinic.hr\/wp-content\/uploads\/2020\/03\/Slasne-sibenske-fritule.webp\" class=\"attachment-full size-full wp-post-image\" alt=\"Slasne \u0161ibenske fritule\" srcset=\"https:\/\/apartmani-rubinic.hr\/wp-content\/uploads\/2020\/03\/Slasne-sibenske-fritule.webp 717w, https:\/\/apartmani-rubinic.hr\/wp-content\/uploads\/2020\/03\/Slasne-sibenske-fritule-300x200.webp 300w, https:\/\/apartmani-rubinic.hr\/wp-content\/uploads\/2020\/03\/Slasne-sibenske-fritule-18x12.webp 18w\" sizes=\"(max-width: 717px) 100vw, 717px\" \/>\t\t<\/a>\n\t<\/div>\n<\/div>\t\t<div class=\"qodef-e-content\">\n\t\t\t<div class=\"qodef-e-info qodef-info--top\">\n\t\t\t\t<div itemprop=\"dateCreated\" class=\"qodef-e-info-item qodef-e-info-date entry-date\">\n\t<a itemprop=\"url\" href=\"https:\/\/apartmani-rubinic.hr\/hr\/2021\/11\/\">17 studenoga, 2021<\/a>\n\t<meta itemprop=\"interactionCount\" content=\"UserComments: 0\"\/>\n<\/div><div class=\"qodef-e-info-item qodef-e-info-author\">\n\t<a itemprop=\"author\" class=\"qodef-e-info-author-link\" href=\"https:\/\/apartmani-rubinic.hr\/hr\/author\/rubin\/\">\n\t\tadmin\t<\/a>\n<\/div>\t\t\t<\/div>\n\t\t\t<div class=\"qodef-e-text\">\n\t\t\t\t<h3 itemprop=\"name\" class=\"qodef-e-title entry-title\" >\n\t<a itemprop=\"url\" class=\"qodef-e-title-link\" href=\"https:\/\/apartmani-rubinic.hr\/hr\/delicious-sibenik-fritters\/\">\n\t\tSlasne \u0161ibenske fritule\t<\/a>\n<\/h3>\t\t<p itemprop=\"description\" class=\"qodef-e-excerpt\">And in the case of the area that stretches from the far north of Dalmatia to its central part, the same is true - guests appreciate the hosts who are not engaged in tourism, but what tourism - live<\/p>\n\t\t\t\t<\/div>\n\t\t\t\t\t\t\t<div class=\"qodef-e-info qodef-info--bottom\">\n\t\t\t\t\t\t<div class=\"qodef-e-read-more\">\n\t\t<a class=\"qodef-shortcode qodef-m  qodef-button qodef-layout--textual  qodef-html--link\" href=\"https:\/\/apartmani-rubinic.hr\/hr\/delicious-sibenik-fritters\/\" target=\"_self\"  >\t<span class=\"qodef-m-text\">Read More<\/span>\t<span class=\"qodef-m-plus\"><\/span><\/a>\t<\/div>\n\t\t\t\t<\/div>\n\t\t\t\t\t<\/div>\n\t<\/div>\n<\/article><article class=\"qodef-e qodef-blog-item qodef-grid-item qodef-item--full post-5237 post type-post status-publish format-standard has-post-thumbnail hentry category-nagrade\">\n\t<div class=\"qodef-e-inner\">\n\t\t<div class=\"qodef-e-media\">\n\t\t<div class=\"qodef-e-media-image\">\n\t\t<a itemprop=\"url\" href=\"https:\/\/apartmani-rubinic.hr\/hr\/nagrada-apartmani-rubinic\/\">\n\t\t\t<img decoding=\"async\" width=\"408\" height=\"387\" src=\"https:\/\/apartmani-rubinic.hr\/wp-content\/uploads\/2021\/12\/Screenshot-1.png\" class=\"attachment-full size-full wp-post-image\" alt=\"\" srcset=\"https:\/\/apartmani-rubinic.hr\/wp-content\/uploads\/2021\/12\/Screenshot-1.png 408w, https:\/\/apartmani-rubinic.hr\/wp-content\/uploads\/2021\/12\/Screenshot-1-300x285.png 300w, https:\/\/apartmani-rubinic.hr\/wp-content\/uploads\/2021\/12\/Screenshot-1-13x12.png 13w\" sizes=\"(max-width: 408px) 100vw, 408px\" \/>\t\t<\/a>\n\t<\/div>\n<\/div>\t\t<div class=\"qodef-e-content\">\n\t\t\t<div class=\"qodef-e-info qodef-info--top\">\n\t\t\t\t<div itemprop=\"dateCreated\" class=\"qodef-e-info-item qodef-e-info-date entry-date\">\n\t<a itemprop=\"url\" href=\"https:\/\/apartmani-rubinic.hr\/hr\/2021\/12\/\">10 prosinca, 2021<\/a>\n\t<meta itemprop=\"interactionCount\" content=\"UserComments: 0\"\/>\n<\/div><div class=\"qodef-e-info-item qodef-e-info-author\">\n\t<a itemprop=\"author\" class=\"qodef-e-info-author-link\" href=\"https:\/\/apartmani-rubinic.hr\/hr\/author\/rubin\/\">\n\t\tadmin\t<\/a>\n<\/div>\t\t\t<\/div>\n\t\t\t<div class=\"qodef-e-text\">\n\t\t\t\t<h3 itemprop=\"name\" class=\"qodef-e-title entry-title\" >\n\t<a itemprop=\"url\" class=\"qodef-e-title-link\" href=\"https:\/\/apartmani-rubinic.hr\/hr\/nagrada-apartmani-rubinic\/\">\n\t\tNagrada &#8211; Apartmani Rubini\u0107\t<\/a>\n<\/h3>\t\t\t<\/div>\n\t\t\t\t\t\t\t<div class=\"qodef-e-info qodef-info--bottom\">\n\t\t\t\t\t\t<div class=\"qodef-e-read-more\">\n\t\t<a class=\"qodef-shortcode qodef-m  qodef-button qodef-layout--textual  qodef-html--link\" href=\"https:\/\/apartmani-rubinic.hr\/hr\/nagrada-apartmani-rubinic\/\" target=\"_self\"  >\t<span class=\"qodef-m-text\">Read More<\/span>\t<span class=\"qodef-m-plus\"><\/span><\/a>\t<\/div>\n\t\t\t\t<\/div>\n\t\t\t\t\t<\/div>\n\t<\/div>\n<\/article>\t<\/div>\n\t<\/div>\t\t\t\t<\/div>\n\t\t\t\t<\/div>\n\t\t\t\t\t<\/div>\n\t\t<\/div>\n\t\t\t\t\t<\/div>\n\t\t<\/section>\n\t\t\t\t<\/div>","protected":false},"excerpt":{"rendered":"<p>March 19, 2020 admin Hidden Gems Lorem ipsum dolor sit amet, consectetur adipiscing elit, sed do eiusmod tempor incididunt ut labore et dolore magna aliqua. Ut enim ad minim veniam, quis nostrud exercitation ullamco laboris nisi ut aliquip ex ea commodo consequat. Read More March 19, 2020 admin Top 5 Restaurants in a Quiet Malmo [&hellip;]<\/p>\n","protected":false},"author":1,"featured_media":0,"parent":0,"menu_order":0,"comment_status":"closed","ping_status":"closed","template":"","meta":{"footnotes":""},"class_list":["post-422","page","type-page","status-publish","hentry"],"yoast_head":"<!-- This site is optimized with the Yoast SEO plugin v27.5 - https:\/\/yoast.com\/product\/yoast-seo-wordpress\/ -->\n<title>Right Sidebar - Apartmani Rubini\u0107<\/title>\n<meta name=\"robots\" content=\"index, follow, max-snippet:-1, max-image-preview:large, max-video-preview:-1\" \/>\n<link rel=\"canonical\" href=\"https:\/\/apartmani-rubinic.hr\/hr\/right-sidebar\/\" \/>\n<meta property=\"og:locale\" content=\"hr_HR\" \/>\n<meta property=\"og:type\" content=\"article\" \/>\n<meta property=\"og:title\" content=\"Right Sidebar - Apartmani Rubini\u0107\" \/>\n<meta property=\"og:description\" content=\"March 19, 2020 admin Hidden Gems Lorem ipsum dolor sit amet, consectetur adipiscing elit, sed do eiusmod tempor incididunt ut labore et dolore magna aliqua. Ut enim ad minim veniam, quis nostrud exercitation ullamco laboris nisi ut aliquip ex ea commodo consequat. Read More March 19, 2020 admin Top 5 Restaurants in a Quiet Malmo [&hellip;]\" \/>\n<meta property=\"og:url\" content=\"https:\/\/apartmani-rubinic.hr\/hr\/right-sidebar\/\" \/>\n<meta property=\"og:site_name\" content=\"Apartmani Rubini\u0107\" \/>\n<meta property=\"article:publisher\" content=\"https:\/\/www.facebook.com\/Apartmani-Rubini%c4%87-106365157801584\" \/>\n<meta property=\"article:modified_time\" content=\"2021-11-18T09:54:22+00:00\" \/>\n<meta name=\"twitter:card\" content=\"summary_large_image\" \/>\n<meta name=\"twitter:label1\" content=\"Procijenjeno vrijeme \u010ditanja\" \/>\n\t<meta name=\"twitter:data1\" content=\"2 minute\" \/>\n<script type=\"application\/ld+json\" class=\"yoast-schema-graph\">{\"@context\":\"https:\\\/\\\/schema.org\",\"@graph\":[{\"@type\":\"WebPage\",\"@id\":\"https:\\\/\\\/apartmani-rubinic.hr\\\/right-sidebar\\\/\",\"url\":\"https:\\\/\\\/apartmani-rubinic.hr\\\/right-sidebar\\\/\",\"name\":\"Right Sidebar - Apartmani Rubini\u0107\",\"isPartOf\":{\"@id\":\"https:\\\/\\\/apartmani-rubinic.hr\\\/#website\"},\"datePublished\":\"2020-03-20T11:50:16+00:00\",\"dateModified\":\"2021-11-18T09:54:22+00:00\",\"breadcrumb\":{\"@id\":\"https:\\\/\\\/apartmani-rubinic.hr\\\/right-sidebar\\\/#breadcrumb\"},\"inLanguage\":\"hr\",\"potentialAction\":[{\"@type\":\"ReadAction\",\"target\":[\"https:\\\/\\\/apartmani-rubinic.hr\\\/right-sidebar\\\/\"]}]},{\"@type\":\"BreadcrumbList\",\"@id\":\"https:\\\/\\\/apartmani-rubinic.hr\\\/right-sidebar\\\/#breadcrumb\",\"itemListElement\":[{\"@type\":\"ListItem\",\"position\":1,\"name\":\"Home\",\"item\":\"https:\\\/\\\/apartmani-rubinic.hr\\\/\"},{\"@type\":\"ListItem\",\"position\":2,\"name\":\"Right Sidebar\"}]},{\"@type\":\"WebSite\",\"@id\":\"https:\\\/\\\/apartmani-rubinic.hr\\\/#website\",\"url\":\"https:\\\/\\\/apartmani-rubinic.hr\\\/\",\"name\":\"Apartmani Rubini\u0107\",\"description\":\"Luxury apartment with indoor heated pool\",\"publisher\":{\"@id\":\"https:\\\/\\\/apartmani-rubinic.hr\\\/#organization\"},\"potentialAction\":[{\"@type\":\"SearchAction\",\"target\":{\"@type\":\"EntryPoint\",\"urlTemplate\":\"https:\\\/\\\/apartmani-rubinic.hr\\\/?s={search_term_string}\"},\"query-input\":{\"@type\":\"PropertyValueSpecification\",\"valueRequired\":true,\"valueName\":\"search_term_string\"}}],\"inLanguage\":\"hr\"},{\"@type\":\"Organization\",\"@id\":\"https:\\\/\\\/apartmani-rubinic.hr\\\/#organization\",\"name\":\"Apartmani Rubini\u0107\",\"url\":\"https:\\\/\\\/apartmani-rubinic.hr\\\/\",\"logo\":{\"@type\":\"ImageObject\",\"inLanguage\":\"hr\",\"@id\":\"https:\\\/\\\/apartmani-rubinic.hr\\\/#\\\/schema\\\/logo\\\/image\\\/\",\"url\":\"https:\\\/\\\/apartmani-rubinic.hr\\\/wp-content\\\/uploads\\\/2021\\\/07\\\/image-002.png\",\"contentUrl\":\"https:\\\/\\\/apartmani-rubinic.hr\\\/wp-content\\\/uploads\\\/2021\\\/07\\\/image-002.png\",\"width\":2480,\"height\":3508,\"caption\":\"Apartmani Rubini\u0107\"},\"image\":{\"@id\":\"https:\\\/\\\/apartmani-rubinic.hr\\\/#\\\/schema\\\/logo\\\/image\\\/\"},\"sameAs\":[\"https:\\\/\\\/www.facebook.com\\\/Apartmani-Rubini\u0107-106365157801584\",\"https:\\\/\\\/l.facebook.com\\\/l.php?u=https:\\\/\\\/www.instagram.com\\\/apartmanirubinic\\\/?fbclid=IwAR3zusl9OQ_HBQQcKjUFqp_tZcnpnh-CBQMI2cX8YjyN8apv-gNLIfnrvsM&amp;amp;amp;amp;amp;amp;amp;h=AT0cHBP6FmU5o4MgZkJn3CqIzg6oyl6dM02rRKTWkCk4OG2Bw3jFMO6EoqwKDd_qHkeup0yBjPMEl_ATlEwrTFPIITMs_hUUiVIvuqtAugsuM0FTozRsdMQ4YI7ui-6MowuCvw\"]}]}<\/script>\n<!-- \/ Yoast SEO plugin. -->","yoast_head_json":{"title":"Right Sidebar - Apartmani Rubini\u0107","robots":{"index":"index","follow":"follow","max-snippet":"max-snippet:-1","max-image-preview":"max-image-preview:large","max-video-preview":"max-video-preview:-1"},"canonical":"https:\/\/apartmani-rubinic.hr\/hr\/right-sidebar\/","og_locale":"hr_HR","og_type":"article","og_title":"Right Sidebar - Apartmani Rubini\u0107","og_description":"March 19, 2020 admin Hidden Gems Lorem ipsum dolor sit amet, consectetur adipiscing elit, sed do eiusmod tempor incididunt ut labore et dolore magna aliqua. Ut enim ad minim veniam, quis nostrud exercitation ullamco laboris nisi ut aliquip ex ea commodo consequat. Read More March 19, 2020 admin Top 5 Restaurants in a Quiet Malmo [&hellip;]","og_url":"https:\/\/apartmani-rubinic.hr\/hr\/right-sidebar\/","og_site_name":"Apartmani Rubini\u0107","article_publisher":"https:\/\/www.facebook.com\/Apartmani-Rubini%c4%87-106365157801584","article_modified_time":"2021-11-18T09:54:22+00:00","twitter_card":"summary_large_image","twitter_misc":{"Procijenjeno vrijeme \u010ditanja":"2 minute"},"schema":{"@context":"https:\/\/schema.org","@graph":[{"@type":"WebPage","@id":"https:\/\/apartmani-rubinic.hr\/right-sidebar\/","url":"https:\/\/apartmani-rubinic.hr\/right-sidebar\/","name":"Right Sidebar - Apartmani Rubini\u0107","isPartOf":{"@id":"https:\/\/apartmani-rubinic.hr\/#website"},"datePublished":"2020-03-20T11:50:16+00:00","dateModified":"2021-11-18T09:54:22+00:00","breadcrumb":{"@id":"https:\/\/apartmani-rubinic.hr\/right-sidebar\/#breadcrumb"},"inLanguage":"hr","potentialAction":[{"@type":"ReadAction","target":["https:\/\/apartmani-rubinic.hr\/right-sidebar\/"]}]},{"@type":"BreadcrumbList","@id":"https:\/\/apartmani-rubinic.hr\/right-sidebar\/#breadcrumb","itemListElement":[{"@type":"ListItem","position":1,"name":"Home","item":"https:\/\/apartmani-rubinic.hr\/"},{"@type":"ListItem","position":2,"name":"Right Sidebar"}]},{"@type":"WebSite","@id":"https:\/\/apartmani-rubinic.hr\/#website","url":"https:\/\/apartmani-rubinic.hr\/","name":"Apartmani Rubini\u0107","description":"Luxury apartment with indoor heated pool","publisher":{"@id":"https:\/\/apartmani-rubinic.hr\/#organization"},"potentialAction":[{"@type":"SearchAction","target":{"@type":"EntryPoint","urlTemplate":"https:\/\/apartmani-rubinic.hr\/?s={search_term_string}"},"query-input":{"@type":"PropertyValueSpecification","valueRequired":true,"valueName":"search_term_string"}}],"inLanguage":"hr"},{"@type":"Organization","@id":"https:\/\/apartmani-rubinic.hr\/#organization","name":"Apartmani Rubini\u0107","url":"https:\/\/apartmani-rubinic.hr\/","logo":{"@type":"ImageObject","inLanguage":"hr","@id":"https:\/\/apartmani-rubinic.hr\/#\/schema\/logo\/image\/","url":"https:\/\/apartmani-rubinic.hr\/wp-content\/uploads\/2021\/07\/image-002.png","contentUrl":"https:\/\/apartmani-rubinic.hr\/wp-content\/uploads\/2021\/07\/image-002.png","width":2480,"height":3508,"caption":"Apartmani Rubini\u0107"},"image":{"@id":"https:\/\/apartmani-rubinic.hr\/#\/schema\/logo\/image\/"},"sameAs":["https:\/\/www.facebook.com\/Apartmani-Rubini\u0107-106365157801584","https:\/\/l.facebook.com\/l.php?u=https:\/\/www.instagram.com\/apartmanirubinic\/?fbclid=IwAR3zusl9OQ_HBQQcKjUFqp_tZcnpnh-CBQMI2cX8YjyN8apv-gNLIfnrvsM&amp;amp;amp;amp;amp;amp;amp;h=AT0cHBP6FmU5o4MgZkJn3CqIzg6oyl6dM02rRKTWkCk4OG2Bw3jFMO6EoqwKDd_qHkeup0yBjPMEl_ATlEwrTFPIITMs_hUUiVIvuqtAugsuM0FTozRsdMQ4YI7ui-6MowuCvw"]}]}},"_links":{"self":[{"href":"https:\/\/apartmani-rubinic.hr\/hr\/wp-json\/wp\/v2\/pages\/422","targetHints":{"allow":["GET"]}}],"collection":[{"href":"https:\/\/apartmani-rubinic.hr\/hr\/wp-json\/wp\/v2\/pages"}],"about":[{"href":"https:\/\/apartmani-rubinic.hr\/hr\/wp-json\/wp\/v2\/types\/page"}],"author":[{"embeddable":true,"href":"https:\/\/apartmani-rubinic.hr\/hr\/wp-json\/wp\/v2\/users\/1"}],"replies":[{"embeddable":true,"href":"https:\/\/apartmani-rubinic.hr\/hr\/wp-json\/wp\/v2\/comments?post=422"}],"version-history":[{"count":0,"href":"https:\/\/apartmani-rubinic.hr\/hr\/wp-json\/wp\/v2\/pages\/422\/revisions"}],"wp:attachment":[{"href":"https:\/\/apartmani-rubinic.hr\/hr\/wp-json\/wp\/v2\/media?parent=422"}],"curies":[{"name":"wp","href":"https:\/\/api.w.org\/{rel}","templated":true}]}}